{"id":724,"date":"2025-02-05T09:51:31","date_gmt":"2025-02-05T08:51:31","guid":{"rendered":"https:\/\/lifestyledistribution.cloud12.webhome.at\/beauty\/"},"modified":"2026-03-18T09:08:06","modified_gmt":"2026-03-18T08:08:06","slug":"beauty","status":"publish","type":"page","link":"https:\/\/lifestyle-distribution.com\/en\/beauty\/","title":{"rendered":"Beauty"},"content":{"rendered":"<div class=\"wpb-content-wrapper\"><p>[vc_row el_class=&#8221;topreihe beauty&#8221;][vc_column][vc_column_text css=&#8221;&#8221;]<\/p>\n<h1>All our beauty brand<\/h1>\n<p>Discover our diverse <strong>beauty<\/strong> range, developed with the greatest care to nourish your <strong>hair<\/strong>.[\/vc_column_text][\/vc_column][\/vc_row][vc_section el_class=&#8221;markensection&#8221;][vc_row equal_height=&#8221;yes&#8221; el_class=&#8221;markenoverview&#8221;][vc_column width=&#8221;1\/2&#8243; offset=&#8221;vc_col-lg-offset-4 vc_col-lg-4 vc_col-sm-offset-4&#8243;][vc_single_image image=&#8221;530&#8243; img_size=&#8221;full&#8221; alignment=&#8221;center&#8221; onclick=&#8221;custom_link&#8221; css=&#8221;&#8221; link=&#8221;https:\/\/haarliebe-haircare.com\/&#8221;][vc_column_text css=&#8221;&#8221;]<strong>HAARLIEBE<\/strong><br \/>\nVereint Produktperformance und -design und schafft eine Wohlf\u00fchltwelt f\u00fcr alle, die sich neu in ihr Haar verlieben m\u00f6chten.[\/vc_column_text][vc_btn title=&#8221;to the brand&#8221; css=&#8221;&#8221; link=&#8221;url:https%3A%2F%2Fhaarliebe-haircare.com%2F|target:_blank|&#8221;][\/vc_column][\/vc_row][\/vc_section][vc_row full_width=&#8221;stretch_row_content_no_spaces&#8221; el_class=&#8221;pflegehaut&#8221;][vc_column offset=&#8221;vc_col-lg-6&#8243;][vc_column_text css=&#8221;&#8221;]<\/p>\n<h2>Haircare<\/h2>\n<p>Our expertise in perfumery inspired us to enrich the world of beauty as well. Thanks to the <a href=\"https:\/\/www.curacosmeticsgroup.com\/\" target=\"_blank\" rel=\"noopener\">CURA COSMETICS GROUP<\/a>&#8216;s many years of beauty know-how, we have opened up new segments. Our portfolio now includes high-quality hair care products, which we develop with the same passion.<\/p>\n<p>The <a href=\"https:\/\/haarliebe-haircare.com\/\" target=\"_blank\" rel=\"noopener\">HAARLIEBE<\/a> brand combines effective formulas with expertise in hair and scalp care \u2013 from shampoos and conditioners to specialised products.[\/vc_column_text][\/vc_column][vc_column offset=&#8221;vc_col-lg-6&#8243;][vc_single_image image=&#8221;569&#8243; img_size=&#8221;full&#8221; alignment=&#8221;right&#8221; css=&#8221;&#8221; el_class=&#8221;pflegefrau&#8221;][\/vc_column][\/vc_row][vc_row full_width=&#8221;stretch_row_content_no_spaces&#8221; el_class=&#8221;partnerships&#8221;][vc_column][vc_single_image image=&#8221;507&#8243; img_size=&#8221;full&#8221; alignment=&#8221;center&#8221; css=&#8221;&#8221; el_class=&#8221;flacons&#8221;][vc_column_text css=&#8221;&#8221;]<\/p>\n<div class=\"ticker-container\">\n<div class=\"ticker-wrapper\">\n<div class=\"ticker-text\">Products for beauty enthusiasts.<\/div>\n<div class=\"ticker-text\">Products for beauty enthusiasts.<\/div>\n<div class=\"ticker-text\">Products for beauty enthusiasts.<\/div>\n<div class=\"ticker-text\">Products for beauty enthusiasts.<\/div>\n<\/div>\n<\/div>\n<p>[\/vc_column_text][\/vc_column][\/vc_row][vc_row full_width=&#8221;stretch_row_content_no_spaces&#8221; content_placement=&#8221;middle&#8221; el_class=&#8221;vollbild abstand&#8221; css=&#8221;.vc_custom_1740822113923{background-image: url(https:\/\/lifestyledistribution.cloud12.webhome.at\/wp-content\/uploads\/2025\/03\/beauty-footer.webp?id=401) !important;background-position: center !important;background-repeat: no-repeat !important;background-size: cover !important;}&#8221;][vc_column][vc_single_image image=&#8221;1004&#8243; img_size=&#8221;full&#8221; alignment=&#8221;center&#8221; css=&#8221;&#8221; el_class=&#8221;signetvollbild&#8221;][\/vc_column][\/vc_row]<\/p>\n<\/div>","protected":false},"excerpt":{"rendered":"<p>[vc_row el_class=&#8221;topreihe beauty&#8221;][vc_column][vc_column_text css=&#8221;&#8221;] All our beauty brand Discover our diverse beauty range, developed with the greatest care to nourish your hair.[\/vc_column_text][\/vc_column][\/vc_row][vc_section el_class=&#8221;markensection&#8221;][vc_row equal_height=&#8221;yes&#8221; el_class=&#8221;markenoverview&#8221;][vc_column width=&#8221;1\/2&#8243; offset=&#8221;vc_col-lg-offset-4 vc_col-lg-4 vc_col-sm-offset-4&#8243;][vc_single_image image=&#8221;530&#8243; img_size=&#8221;full&#8221; alignment=&#8221;center&#8221; onclick=&#8221;custom_link&#8221; css=&#8221;&#8221; link=&#8221;https:\/\/haarliebe-haircare.com\/&#8221;][vc_column_text css=&#8221;&#8221;]HAARLIEBE Vereint Produktperformance und -design und schafft eine Wohlf\u00fchltwelt f\u00fcr alle, die sich neu in ihr Haar verlieben m\u00f6chten.[\/vc_column_text][vc_btn title=&#8221;to [&hellip;]<\/p>\n","protected":false},"author":1,"featured_media":0,"parent":0,"menu_order":4,"comment_status":"closed","ping_status":"closed","template":"","meta":{"inline_featured_image":false,"footnotes":""},"class_list":["post-724","page","type-page","status-publish","hentry"],"_links":{"self":[{"href":"https:\/\/lifestyle-distribution.com\/en\/wp-json\/wp\/v2\/pages\/724","targetHints":{"allow":["GET"]}}],"collection":[{"href":"https:\/\/lifestyle-distribution.com\/en\/wp-json\/wp\/v2\/pages"}],"about":[{"href":"https:\/\/lifestyle-distribution.com\/en\/wp-json\/wp\/v2\/types\/page"}],"author":[{"embeddable":true,"href":"https:\/\/lifestyle-distribution.com\/en\/wp-json\/wp\/v2\/users\/1"}],"replies":[{"embeddable":true,"href":"https:\/\/lifestyle-distribution.com\/en\/wp-json\/wp\/v2\/comments?post=724"}],"version-history":[{"count":12,"href":"https:\/\/lifestyle-distribution.com\/en\/wp-json\/wp\/v2\/pages\/724\/revisions"}],"predecessor-version":[{"id":1559,"href":"https:\/\/lifestyle-distribution.com\/en\/wp-json\/wp\/v2\/pages\/724\/revisions\/1559"}],"wp:attachment":[{"href":"https:\/\/lifestyle-distribution.com\/en\/wp-json\/wp\/v2\/media?parent=724"}],"curies":[{"name":"wp","href":"https:\/\/api.w.org\/{rel}","templated":true}]}}