{"id":11,"date":"2025-02-11T13:47:40","date_gmt":"2025-02-11T12:47:40","guid":{"rendered":"https:\/\/lifestyledistribution.cloud12.webhome.at\/anima-aromatics\/?page_id=5"},"modified":"2026-03-06T08:16:20","modified_gmt":"2026-03-06T07:16:20","slug":"startseite","status":"publish","type":"page","link":"https:\/\/lifestyle-distribution.com\/kappa\/","title":{"rendered":"Startseite"},"content":{"rendered":"<div class=\"wpb-content-wrapper\"><p>[vc_row full_width=&#8220;stretch_row&#8220; equal_height=&#8220;yes&#8220; content_placement=&#8220;middle&#8220; el_class=&#8220;brandhead&#8220;][vc_column offset=&#8220;vc_col-lg-4&#8243;][vc_single_image image=&#8220;401&#8243; img_size=&#8220;full&#8220; css=&#8220;&#8220;][\/vc_column][vc_column offset=&#8220;vc_col-lg-4&#8243;][vc_column_text css=&#8220;&#8220;]<\/p>\n<h1>Moderner Stil und<br \/>\nitalienischer Esprit<\/h1>\n<p>KAPPA Perfumes verwebt lebendige Farben, das markentypische Design und hochwertige<br \/>\nDuftakzente zu einem Erlebnis f\u00fcr die Sinne. Eine \u00dcbersetzung des Charakters der italienischen<br \/>\nSportmodemarke in die Sprache der Parf\u00fcmerie.[\/vc_column_text][\/vc_column][vc_column offset=&#8220;vc_col-lg-4&#8243;][vc_single_image image=&#8220;384&#8243; img_size=&#8220;full&#8220; alignment=&#8220;right&#8220; css=&#8220;&#8220;][\/vc_column][\/vc_row][vc_row full_width=&#8220;stretch_row&#8220; el_class=&#8220;sortiment&#8220; el_id=&#8220;produkte&#8220;][vc_column][vc_column_text css=&#8220;&#8220;]<\/p>\n<h2>Sortiment<\/h2>\n<p>[\/vc_column_text][\/vc_column][\/vc_row][vc_section full_width=&#8220;stretch_row&#8220; el_class=&#8220;products&#8220;][vc_row el_class=&#8220;produkte&#8220;][vc_column el_class=&#8220;filter Blumig Pudrig Deutschland Tschechien DM&#8220;][vc_column_text css=&#8220;&#8220;]<div class=\"duftfilter-container\"><div class=\"filter-toggle-buttons\"><button class=\"toggle-filter\" data-target=\"duftfilter-section\">Duftrichtung<\/button><button class=\"toggle-filter\" data-target=\"storefinder-section\">Store-Finder<\/button><\/div><div id=\"duftfilter-section\" class=\"filter-section\"><ul class=\"duft-list\"><li data-filter=\".blumig\">Blumig<\/li><li data-filter=\".holzig\">Holzig<\/li><li data-filter=\".orientalisch\">Orientalisch<\/li><li data-filter=\".pudrig\">Pudrig<\/li><\/ul><\/div><div id=\"storefinder-section\" class=\"filter-section\"><input type=\"hidden\" id=\"active-country\" value=\"\"><input type=\"hidden\" id=\"active-partner\" value=\"\"><ul class=\"filter-list country-list\"><li data-filter=\".deutschland\" data-country-id=\"12\">Deutschland<\/li><li data-filter=\".oesterreich\" data-country-id=\"13\">\u00d6sterreich<\/li><li data-filter=\".schweiz\" data-country-id=\"16\">Schweiz<\/li><li data-filter=\".slowakei\" data-country-id=\"15\">Slowakei<\/li><li data-filter=\".ungarn\" data-country-id=\"14\">Ungarn<\/li><\/ul><hr><div class=\"partner-logos\"><img decoding=\"async\" src=\"\/kappa\/wp-content\/uploads\/2025\/03\/bipa.webp\" alt=\"Bipa\" data-filter=\".bipa\" data-partner-id=\"20\" class=\"lbipa\"><img decoding=\"async\" src=\"\/kappa\/wp-content\/uploads\/2025\/03\/dm.webp\" alt=\"DM\" data-filter=\".dm\" data-partner-id=\"19\" class=\"ldm\"><img decoding=\"async\" src=\"\/kappa\/wp-content\/uploads\/2025\/03\/migros.webp\" alt=\"Migros\" data-filter=\".migros\" data-partner-id=\"21\" class=\"lmigros\"><img decoding=\"async\" src=\"\/kappa\/wp-content\/uploads\/2025\/03\/rossmann.webp\" alt=\"Rossmann\" data-filter=\".rossmann\" data-partner-id=\"18\" class=\"lrossmann\"><\/div><\/div><\/div><script type=\"text\/javascript\">\r\n        var productAssignedPartners = {};\r\n    <\/script><div id=\"product-grid\" class=\"grid-container\"><script type=\"text\/javascript\">\r\n                productAssignedPartners[\"product-388\"] = {\"12\":[\"18\"],\"13\":[\"19\"],\"16\":[\"21\"],\"15\":[\"19\"]};\r\n            <\/script><div id=\"product-388\" class=\"grid-item wpb_column vc_column_container vc_col-sm-4 holzig orientalisch deutschland oesterreich schweiz slowakei dm migros rossmann deutschland-rossmann oesterreich-dm schweiz-migros slowakei-dm\"><a href=\"https:\/\/lifestyle-distribution.com\/kappa\/black-men-75ml\/\"><img loading=\"lazy\" decoding=\"async\" width=\"2000\" height=\"2000\" src=\"https:\/\/lifestyle-distribution.com\/kappa\/wp-content\/uploads\/2025\/11\/Black_NEU.png\" class=\"attachment-post-thumbnail size-post-thumbnail wp-post-image\" alt=\"KAPPA Black for Men Eau de Toilette\" srcset=\"https:\/\/lifestyle-distribution.com\/kappa\/wp-content\/uploads\/2025\/11\/Black_NEU.png 2000w, https:\/\/lifestyle-distribution.com\/kappa\/wp-content\/uploads\/2025\/11\/Black_NEU-300x300.png 300w, https:\/\/lifestyle-distribution.com\/kappa\/wp-content\/uploads\/2025\/11\/Black_NEU-1024x1024.png 1024w, https:\/\/lifestyle-distribution.com\/kappa\/wp-content\/uploads\/2025\/11\/Black_NEU-150x150.png 150w, https:\/\/lifestyle-distribution.com\/kappa\/wp-content\/uploads\/2025\/11\/Black_NEU-768x768.png 768w, https:\/\/lifestyle-distribution.com\/kappa\/wp-content\/uploads\/2025\/11\/Black_NEU-1536x1536.png 1536w\" sizes=\"auto, (max-width: 2000px) 100vw, 2000px\" \/><\/a><p class=\"product_titel\"><strong>Black for Men 75ml<\/strong><\/p><p><strong>Eau de Toilette<br \/>\r\n<\/strong>holzig<strong><br \/>\r\n<\/strong><\/p><p><a href=\"https:\/\/lifestyle-distribution.com\/kappa\/black-men-75ml\/\" class=\"product-link\">zum Produkt<\/a><\/p><\/div><script type=\"text\/javascript\">\r\n                productAssignedPartners[\"product-397\"] = {\"12\":[\"18\"],\"16\":[\"21\"],\"15\":[\"19\"]};\r\n            <\/script><div id=\"product-397\" class=\"grid-item wpb_column vc_column_container vc_col-sm-4 holzig deutschland schweiz slowakei dm migros rossmann deutschland-rossmann schweiz-migros slowakei-dm\"><a href=\"https:\/\/lifestyle-distribution.com\/kappa\/intenso-men\/\"><img loading=\"lazy\" decoding=\"async\" width=\"2000\" height=\"2000\" src=\"https:\/\/lifestyle-distribution.com\/kappa\/wp-content\/uploads\/2025\/11\/Intenso_NEU.png\" class=\"attachment-post-thumbnail size-post-thumbnail wp-post-image\" alt=\"KAPPA Intenso for Men Eau de Toilette\" srcset=\"https:\/\/lifestyle-distribution.com\/kappa\/wp-content\/uploads\/2025\/11\/Intenso_NEU.png 2000w, https:\/\/lifestyle-distribution.com\/kappa\/wp-content\/uploads\/2025\/11\/Intenso_NEU-300x300.png 300w, https:\/\/lifestyle-distribution.com\/kappa\/wp-content\/uploads\/2025\/11\/Intenso_NEU-1024x1024.png 1024w, https:\/\/lifestyle-distribution.com\/kappa\/wp-content\/uploads\/2025\/11\/Intenso_NEU-150x150.png 150w, https:\/\/lifestyle-distribution.com\/kappa\/wp-content\/uploads\/2025\/11\/Intenso_NEU-768x768.png 768w, https:\/\/lifestyle-distribution.com\/kappa\/wp-content\/uploads\/2025\/11\/Intenso_NEU-1536x1536.png 1536w\" sizes=\"auto, (max-width: 2000px) 100vw, 2000px\" \/><\/a><p class=\"product_titel\"><strong>Intenso for Men 75ml<\/strong><\/p><p><strong>Eau de Toilette<br \/>\r\n<\/strong>holzig<strong><br \/>\r\n<\/strong><\/p><p><a href=\"https:\/\/lifestyle-distribution.com\/kappa\/intenso-men\/\" class=\"product-link\">zum Produkt<\/a><\/p><\/div><script type=\"text\/javascript\">\r\n                productAssignedPartners[\"product-187\"] = {\"13\":[\"20\"],\"16\":[\"21\"],\"14\":[\"19\"]};\r\n            <\/script><div id=\"product-187\" class=\"grid-item wpb_column vc_column_container vc_col-sm-4 blumig pudrig oesterreich schweiz ungarn bipa dm migros oesterreich-bipa schweiz-migros ungarn-dm\"><a href=\"https:\/\/lifestyle-distribution.com\/kappa\/camou-women\/\"><img loading=\"lazy\" decoding=\"async\" width=\"2000\" height=\"2000\" src=\"https:\/\/lifestyle-distribution.com\/kappa\/wp-content\/uploads\/2025\/02\/Freisteller_Collage_Kappa_Camo_Woman_2024-04-23.png\" class=\"attachment-post-thumbnail size-post-thumbnail wp-post-image\" alt=\"KAPPA Camou Woman Eau de Parfum\" srcset=\"https:\/\/lifestyle-distribution.com\/kappa\/wp-content\/uploads\/2025\/02\/Freisteller_Collage_Kappa_Camo_Woman_2024-04-23.png 2000w, https:\/\/lifestyle-distribution.com\/kappa\/wp-content\/uploads\/2025\/02\/Freisteller_Collage_Kappa_Camo_Woman_2024-04-23-300x300.png 300w, https:\/\/lifestyle-distribution.com\/kappa\/wp-content\/uploads\/2025\/02\/Freisteller_Collage_Kappa_Camo_Woman_2024-04-23-1024x1024.png 1024w, https:\/\/lifestyle-distribution.com\/kappa\/wp-content\/uploads\/2025\/02\/Freisteller_Collage_Kappa_Camo_Woman_2024-04-23-150x150.png 150w, https:\/\/lifestyle-distribution.com\/kappa\/wp-content\/uploads\/2025\/02\/Freisteller_Collage_Kappa_Camo_Woman_2024-04-23-768x768.png 768w, https:\/\/lifestyle-distribution.com\/kappa\/wp-content\/uploads\/2025\/02\/Freisteller_Collage_Kappa_Camo_Woman_2024-04-23-1536x1536.png 1536w\" sizes=\"auto, (max-width: 2000px) 100vw, 2000px\" \/><\/a><p class=\"product_titel\"><strong>Camou for Women 40ml<\/strong><\/p><p><strong>Eau de Parfum<\/strong><strong><br \/>\r\n<\/strong>blumig<\/p><p><a href=\"https:\/\/lifestyle-distribution.com\/kappa\/camou-women\/\" class=\"product-link\">zum Produkt<\/a><\/p><\/div><script type=\"text\/javascript\">\r\n                productAssignedPartners[\"product-192\"] = {\"13\":[\"20\"],\"16\":[\"21\"],\"14\":[\"19\",\"18\"]};\r\n            <\/script><div id=\"product-192\" class=\"grid-item wpb_column vc_column_container vc_col-sm-4 holzig orientalisch oesterreich schweiz ungarn bipa dm migros rossmann oesterreich-bipa schweiz-migros ungarn-dm ungarn-rossmann\"><a href=\"https:\/\/lifestyle-distribution.com\/kappa\/black-men\/\"><img loading=\"lazy\" decoding=\"async\" width=\"2000\" height=\"2000\" src=\"https:\/\/lifestyle-distribution.com\/kappa\/wp-content\/uploads\/2025\/02\/Freisteller_Collage_Kappa_Black_2024-04-23.png\" class=\"attachment-post-thumbnail size-post-thumbnail wp-post-image\" alt=\"KAPPA Black for Men Eau de Toilette\" srcset=\"https:\/\/lifestyle-distribution.com\/kappa\/wp-content\/uploads\/2025\/02\/Freisteller_Collage_Kappa_Black_2024-04-23.png 2000w, https:\/\/lifestyle-distribution.com\/kappa\/wp-content\/uploads\/2025\/02\/Freisteller_Collage_Kappa_Black_2024-04-23-300x300.png 300w, https:\/\/lifestyle-distribution.com\/kappa\/wp-content\/uploads\/2025\/02\/Freisteller_Collage_Kappa_Black_2024-04-23-1024x1024.png 1024w, https:\/\/lifestyle-distribution.com\/kappa\/wp-content\/uploads\/2025\/02\/Freisteller_Collage_Kappa_Black_2024-04-23-150x150.png 150w, https:\/\/lifestyle-distribution.com\/kappa\/wp-content\/uploads\/2025\/02\/Freisteller_Collage_Kappa_Black_2024-04-23-768x768.png 768w, https:\/\/lifestyle-distribution.com\/kappa\/wp-content\/uploads\/2025\/02\/Freisteller_Collage_Kappa_Black_2024-04-23-1536x1536.png 1536w\" sizes=\"auto, (max-width: 2000px) 100vw, 2000px\" \/><\/a><p class=\"product_titel\"><strong>Black for Men 40ml<\/strong><\/p><p><strong>Eau de Toilette<br \/>\r\n<\/strong>holzig<strong><br \/>\r\n<\/strong><\/p><p><a href=\"https:\/\/lifestyle-distribution.com\/kappa\/black-men\/\" class=\"product-link\">zum Produkt<\/a><\/p><\/div><\/div>[\/vc_column_text][\/vc_column][\/vc_row][\/vc_section][vc_row full_width=&#8220;stretch_row&#8220; el_class=&#8220;brandtext&#8220; el_id=&#8220;about&#8220;][vc_column][vc_column_text css=&#8220;&#8220;]<\/p>\n<h2>Unverwechselbare D\u00fcfte<\/h2>\n<p><span class=\"react-editor-token react-editor-text-token\" data-token-id=\"0\">KAPPA Perfumes verbindet lebendiges Design mit italienischer Duftkultur und schafft so ein unverwechselbares, hochwertiges Konzept. Neu gestaltete Flakons mit markantem Bogen, geriffelter Kappe und dem ikonischen \u201eOmini\u201c-Logo verk\u00f6rpern den sportlich-authentischen Lifestyle der Marke und setzen ein klares Design-Statement. <\/span><\/p>\n<p><span class=\"react-editor-token react-editor-text-token\" data-token-id=\"0\">KAPPA genie\u00dft seit vielen Jahrzehnten Kultstatus im Sportbereich. Unsere Duftlinie f\u00fcr Damen und Herren greift die Essenz der Marke auf, indem sie den aktuellen Zeitgeist einf\u00e4ngt, ohne die markeneigene Authentizit\u00e4t zu verlieren.<\/span><span class=\"react-editor-trailing-token\"><br \/>\n<\/span>[\/vc_column_text][vc_btn title=&#8220;Mehr \u00fcber die Brand KAPPA erfahren&#8220; css=&#8220;&#8220; link=&#8220;url:https%3A%2F%2Fwww.kappa.com%2F|title:Kappa|target:_blank&#8220;][\/vc_column][\/vc_row]<\/p>\n<\/div>","protected":false},"excerpt":{"rendered":"<p>[vc_row full_width=&#8220;stretch_row&#8220; equal_height=&#8220;yes&#8220; content_placement=&#8220;middle&#8220; el_class=&#8220;brandhead&#8220;][vc_column offset=&#8220;vc_col-lg-4&#8243;][vc_single_image image=&#8220;401&#8243; img_size=&#8220;full&#8220; css=&#8220;&#8220;][\/vc_column][vc_column offset=&#8220;vc_col-lg-4&#8243;][vc_column_text css=&#8220;&#8220;] Moderner Stil und italienischer Esprit KAPPA Perfumes verwebt lebendige Farben, das markentypische Design und hochwertige Duftakzente zu einem Erlebnis f\u00fcr die Sinne. Eine \u00dcbersetzung des Charakters der italienischen Sportmodemarke in die Sprache der Parf\u00fcmerie.[\/vc_column_text][\/vc_column][vc_column offset=&#8220;vc_col-lg-4&#8243;][vc_single_image image=&#8220;384&#8243; img_size=&#8220;full&#8220; alignment=&#8220;right&#8220; css=&#8220;&#8220;][\/vc_column][\/vc_row][vc_row full_width=&#8220;stretch_row&#8220; el_class=&#8220;sortiment&#8220; el_id=&#8220;produkte&#8220;][vc_column][vc_column_text css=&#8220;&#8220;] Sortiment [&hellip;]<\/p>\n","protected":false},"author":1,"featured_media":0,"parent":0,"menu_order":2,"comment_status":"closed","ping_status":"closed","template":"","meta":{"inline_featured_image":false,"footnotes":""},"class_list":["post-11","page","type-page","status-publish","hentry"],"_links":{"self":[{"href":"https:\/\/lifestyle-distribution.com\/kappa\/wp-json\/wp\/v2\/pages\/11","targetHints":{"allow":["GET"]}}],"collection":[{"href":"https:\/\/lifestyle-distribution.com\/kappa\/wp-json\/wp\/v2\/pages"}],"about":[{"href":"https:\/\/lifestyle-distribution.com\/kappa\/wp-json\/wp\/v2\/types\/page"}],"author":[{"embeddable":true,"href":"https:\/\/lifestyle-distribution.com\/kappa\/wp-json\/wp\/v2\/users\/1"}],"replies":[{"embeddable":true,"href":"https:\/\/lifestyle-distribution.com\/kappa\/wp-json\/wp\/v2\/comments?post=11"}],"version-history":[{"count":37,"href":"https:\/\/lifestyle-distribution.com\/kappa\/wp-json\/wp\/v2\/pages\/11\/revisions"}],"predecessor-version":[{"id":451,"href":"https:\/\/lifestyle-distribution.com\/kappa\/wp-json\/wp\/v2\/pages\/11\/revisions\/451"}],"wp:attachment":[{"href":"https:\/\/lifestyle-distribution.com\/kappa\/wp-json\/wp\/v2\/media?parent=11"}],"curies":[{"name":"wp","href":"https:\/\/api.w.org\/{rel}","templated":true}]}}