{"id":11,"date":"2025-02-11T13:47:40","date_gmt":"2025-02-11T12:47:40","guid":{"rendered":"https:\/\/lifestyledistribution.cloud12.webhome.at\/anima-aromatics\/?page_id=5"},"modified":"2026-03-06T10:19:19","modified_gmt":"2026-03-06T09:19:19","slug":"startseite","status":"publish","type":"page","link":"https:\/\/lifestyle-distribution.com\/michalskyberlin\/","title":{"rendered":"Startseite"},"content":{"rendered":"<div class=\"wpb-content-wrapper\"><p>[vc_row full_width=&#8220;stretch_row&#8220; equal_height=&#8220;yes&#8220; content_placement=&#8220;middle&#8220; el_class=&#8220;brandhead&#8220;][vc_column offset=&#8220;vc_col-lg-4&#8243;][vc_single_image image=&#8220;518&#8243; img_size=&#8220;full&#8220; css=&#8220;&#8220;][\/vc_column][vc_column offset=&#8220;vc_col-lg-4&#8243;][vc_column_text css=&#8220;&#8220;]<\/p>\n<h1>Stilbewusstsein<br \/>\nund Kreativit\u00e4t<\/h1>\n<p>MICHALSKY BERLIN Parfums vereinen urbanen Stil, zeitlose Eleganz und einzigartige D\u00fcfte zu einem Ausdruck individueller Pers\u00f6nlichkeit.[\/vc_column_text][\/vc_column][vc_column offset=&#8220;vc_col-lg-4&#8243;][vc_single_image image=&#8220;502&#8243; img_size=&#8220;full&#8220; alignment=&#8220;right&#8220; css=&#8220;&#8220;][\/vc_column][\/vc_row][vc_row full_width=&#8220;stretch_row&#8220; el_class=&#8220;sortiment&#8220; el_id=&#8220;produkte&#8220;][vc_column][vc_column_text css=&#8220;&#8220;]<\/p>\n<h2>Sortiment<\/h2>\n<p>[\/vc_column_text][\/vc_column][\/vc_row][vc_section full_width=&#8220;stretch_row&#8220; el_class=&#8220;products&#8220;][vc_row el_class=&#8220;produkte&#8220;][vc_column][vc_column_text css=&#8220;&#8220;]<div class=\"duftfilter-container\"><div class=\"filter-toggle-buttons\"><button class=\"toggle-filter\" data-target=\"duftfilter-section\">Duftrichtung<\/button><button class=\"toggle-filter\" data-target=\"storefinder-section\">Store-Finder<\/button><\/div><div id=\"duftfilter-section\" class=\"filter-section\"><ul class=\"duft-list\"><li data-filter=\".blumig\">Blumig<\/li><li data-filter=\".fruchtig\">Fruchtig<\/li><li data-filter=\".orientalisch\">Orientalisch<\/li><li data-filter=\".pudrig\">Pudrig<\/li><\/ul><\/div><div id=\"storefinder-section\" class=\"filter-section\"><input type=\"hidden\" id=\"active-country\" value=\"\"><input type=\"hidden\" id=\"active-partner\" value=\"\"><ul class=\"filter-list country-list\"><li data-filter=\".deutschland\" data-country-id=\"12\">Deutschland<\/li><li data-filter=\".schweiz\" data-country-id=\"15\">Schweiz<\/li><li data-filter=\".tschechien\" data-country-id=\"16\">Tschechien<\/li><\/ul><hr><div class=\"partner-logos\"><img decoding=\"async\" src=\"\/michalskyberlin\/wp-content\/uploads\/2025\/03\/migros.webp\" alt=\"Migros\" data-filter=\".migros\" data-partner-id=\"18\" class=\"lmigros\"><img decoding=\"async\" src=\"\/michalskyberlin\/wp-content\/uploads\/2025\/03\/parfumdreams.webp\" alt=\"Parfumdreams\" data-filter=\".parfumdreams\" data-partner-id=\"32\" class=\"lparfumdreams\"><img decoding=\"async\" src=\"\/michalskyberlin\/wp-content\/uploads\/2025\/03\/rossmann.webp\" alt=\"Rossmann\" data-filter=\".rossmann\" data-partner-id=\"19\" class=\"lrossmann\"><img decoding=\"async\" src=\"\/michalskyberlin\/wp-content\/uploads\/2025\/03\/teta.webp\" alt=\"Teta\" data-filter=\".teta\" data-partner-id=\"33\" class=\"lteta\"><\/div><\/div><\/div><script type=\"text\/javascript\">\r\n        var productAssignedPartners = {};\r\n    <\/script><div id=\"product-grid\" class=\"grid-container\"><script type=\"text\/javascript\">\r\n                productAssignedPartners[\"product-195\"] = {\"12\":[\"32\"],\"16\":[\"32\",\"19\",\"33\"]};\r\n            <\/script><div id=\"product-195\" class=\"grid-item wpb_column vc_column_container vc_col-sm-4 blumig fruchtig orientalisch deutschland tschechien migros parfumdreams rossmann teta deutschland-parfumdreams tschechien-parfumdreams tschechien-rossmann tschechien-teta\"><a href=\"https:\/\/lifestyle-distribution.com\/michalskyberlin\/ii-women\/\"><img loading=\"lazy\" decoding=\"async\" width=\"2000\" height=\"2000\" src=\"https:\/\/lifestyle-distribution.com\/michalskyberlin\/wp-content\/uploads\/2025\/03\/WebMarkant_MM_MYII_FlakonFS_2025-03-26.webp\" class=\"attachment-post-thumbnail size-post-thumbnail wp-post-image\" alt=\"\" srcset=\"https:\/\/lifestyle-distribution.com\/michalskyberlin\/wp-content\/uploads\/2025\/03\/WebMarkant_MM_MYII_FlakonFS_2025-03-26.webp 2000w, https:\/\/lifestyle-distribution.com\/michalskyberlin\/wp-content\/uploads\/2025\/03\/WebMarkant_MM_MYII_FlakonFS_2025-03-26-300x300.webp 300w, https:\/\/lifestyle-distribution.com\/michalskyberlin\/wp-content\/uploads\/2025\/03\/WebMarkant_MM_MYII_FlakonFS_2025-03-26-1024x1024.webp 1024w, https:\/\/lifestyle-distribution.com\/michalskyberlin\/wp-content\/uploads\/2025\/03\/WebMarkant_MM_MYII_FlakonFS_2025-03-26-150x150.webp 150w, https:\/\/lifestyle-distribution.com\/michalskyberlin\/wp-content\/uploads\/2025\/03\/WebMarkant_MM_MYII_FlakonFS_2025-03-26-768x768.webp 768w, https:\/\/lifestyle-distribution.com\/michalskyberlin\/wp-content\/uploads\/2025\/03\/WebMarkant_MM_MYII_FlakonFS_2025-03-26-1536x1536.webp 1536w\" sizes=\"auto, (max-width: 2000px) 100vw, 2000px\" \/><\/a><p class=\"product_titel\"><strong>II Women<\/strong><\/p><p><strong>Eau de Parfum<\/strong><br \/>\r\nblumig orientalisch<\/p><p><a href=\"https:\/\/lifestyle-distribution.com\/michalskyberlin\/ii-women\/\" class=\"product-link\">zum Produkt<\/a><\/p><\/div><script type=\"text\/javascript\">\r\n                productAssignedPartners[\"product-317\"] = {\"12\":[\"32\"],\"16\":[\"32\",\"19\"]};\r\n            <\/script><div id=\"product-317\" class=\"grid-item wpb_column vc_column_container vc_col-sm-4 blumig pudrig deutschland tschechien parfumdreams rossmann deutschland-parfumdreams tschechien-parfumdreams tschechien-rossmann\"><a href=\"https:\/\/lifestyle-distribution.com\/michalskyberlin\/esctatic-women\/\"><img loading=\"lazy\" decoding=\"async\" width=\"2000\" height=\"2000\" src=\"https:\/\/lifestyle-distribution.com\/michalskyberlin\/wp-content\/uploads\/2025\/02\/Freisteller_MM_Ecstatic_FlakonFS_Woman_2024-06-10_9120130821861.png\" class=\"attachment-post-thumbnail size-post-thumbnail wp-post-image\" alt=\"\" srcset=\"https:\/\/lifestyle-distribution.com\/michalskyberlin\/wp-content\/uploads\/2025\/02\/Freisteller_MM_Ecstatic_FlakonFS_Woman_2024-06-10_9120130821861.png 2000w, https:\/\/lifestyle-distribution.com\/michalskyberlin\/wp-content\/uploads\/2025\/02\/Freisteller_MM_Ecstatic_FlakonFS_Woman_2024-06-10_9120130821861-300x300.png 300w, https:\/\/lifestyle-distribution.com\/michalskyberlin\/wp-content\/uploads\/2025\/02\/Freisteller_MM_Ecstatic_FlakonFS_Woman_2024-06-10_9120130821861-1024x1024.png 1024w, https:\/\/lifestyle-distribution.com\/michalskyberlin\/wp-content\/uploads\/2025\/02\/Freisteller_MM_Ecstatic_FlakonFS_Woman_2024-06-10_9120130821861-150x150.png 150w, https:\/\/lifestyle-distribution.com\/michalskyberlin\/wp-content\/uploads\/2025\/02\/Freisteller_MM_Ecstatic_FlakonFS_Woman_2024-06-10_9120130821861-768x768.png 768w, https:\/\/lifestyle-distribution.com\/michalskyberlin\/wp-content\/uploads\/2025\/02\/Freisteller_MM_Ecstatic_FlakonFS_Woman_2024-06-10_9120130821861-1536x1536.png 1536w\" sizes=\"auto, (max-width: 2000px) 100vw, 2000px\" \/><\/a><p class=\"product_titel\"><strong>Ecstatic Women<\/strong><\/p><p><strong>Eau de Parfum<\/strong><br \/>\r\nblumig<\/p><p><a href=\"https:\/\/lifestyle-distribution.com\/michalskyberlin\/esctatic-women\/\" class=\"product-link\">zum Produkt<\/a><\/p><\/div><script type=\"text\/javascript\">\r\n                productAssignedPartners[\"product-325\"] = {\"12\":[\"32\"],\"15\":[\"18\",\"32\"],\"16\":[\"32\",\"19\"]};\r\n            <\/script><div id=\"product-325\" class=\"grid-item wpb_column vc_column_container vc_col-sm-4 blumig pudrig deutschland schweiz tschechien migros parfumdreams rossmann deutschland-parfumdreams schweiz-migros schweiz-parfumdreams tschechien-parfumdreams tschechien-rossmann\"><a href=\"https:\/\/lifestyle-distribution.com\/michalskyberlin\/intense-women\/\"><img loading=\"lazy\" decoding=\"async\" width=\"2000\" height=\"2000\" src=\"https:\/\/lifestyle-distribution.com\/michalskyberlin\/wp-content\/uploads\/2025\/03\/WebMarkant_MM_Intense_FlakonFS_2025-03-26.webp\" class=\"attachment-post-thumbnail size-post-thumbnail wp-post-image\" alt=\"\" srcset=\"https:\/\/lifestyle-distribution.com\/michalskyberlin\/wp-content\/uploads\/2025\/03\/WebMarkant_MM_Intense_FlakonFS_2025-03-26.webp 2000w, https:\/\/lifestyle-distribution.com\/michalskyberlin\/wp-content\/uploads\/2025\/03\/WebMarkant_MM_Intense_FlakonFS_2025-03-26-300x300.webp 300w, https:\/\/lifestyle-distribution.com\/michalskyberlin\/wp-content\/uploads\/2025\/03\/WebMarkant_MM_Intense_FlakonFS_2025-03-26-1024x1024.webp 1024w, https:\/\/lifestyle-distribution.com\/michalskyberlin\/wp-content\/uploads\/2025\/03\/WebMarkant_MM_Intense_FlakonFS_2025-03-26-150x150.webp 150w, https:\/\/lifestyle-distribution.com\/michalskyberlin\/wp-content\/uploads\/2025\/03\/WebMarkant_MM_Intense_FlakonFS_2025-03-26-768x768.webp 768w, https:\/\/lifestyle-distribution.com\/michalskyberlin\/wp-content\/uploads\/2025\/03\/WebMarkant_MM_Intense_FlakonFS_2025-03-26-1536x1536.webp 1536w\" sizes=\"auto, (max-width: 2000px) 100vw, 2000px\" \/><\/a><p class=\"product_titel\"><strong>Intense Women<\/strong><\/p><p><strong>Eau de Parfum<br \/>\r\n<\/strong>blumig pudrig<\/p><p><a href=\"https:\/\/lifestyle-distribution.com\/michalskyberlin\/intense-women\/\" class=\"product-link\">zum Produkt<\/a><\/p><\/div><\/div>[\/vc_column_text][\/vc_column][\/vc_row][\/vc_section][vc_row full_width=&#8220;stretch_row&#8220; el_class=&#8220;brandtext&#8220; el_id=&#8220;about&#8220;][vc_column][vc_column_text css=&#8220;&#8220;]<\/p>\n<h2>D\u00fcfte f\u00fcr Sie und<br \/>\nIhn von Designer<br \/>\nMichael Michalsky<\/h2>\n<p><em>&#8222;Meine Parf\u00fcmkollektion ist f\u00fcr all die Menschen, die ihr Leben leben und Spa\u00df daran haben.&#8220; \u2013<\/em><br \/>\nMichael Michalsky<\/p>\n<p>Michael Michalsky, einer der einflussreichsten deutschen Designer, ist bekannt f\u00fcr seine F\u00e4higkeit, urbanen Stil mit zeitloser Eleganz zu vereinen. Mit seiner Parf\u00fcmkollektion setzt er diese Designphilosophie konsequent fort: Stilvolle Duftkompositionen, die Eleganz und Sinnlichkeit mit moderner Raffinesse verbinden. Jeder Duft erz\u00e4hlt eine Geschichte voller Energie, Emotionen und Einzigartigkeit \u2013 ein unsichtbarer Begleiter, der die eigene Pers\u00f6nlichkeit betont und St\u00e4rke verleiht. Die MICHALSKY BERLIN D\u00fcfte laden dazu ein, die eigene Individualit\u00e4t zu feiern und das Leben in vollen Z\u00fcgen zu genie\u00dfen \u2013 voller Euphorie, Selbstbewusstsein und Tatendrang.[\/vc_column_text][vc_btn title=&#8220;Mehr \u00fcber die Fashion Brand Michalsky Berlin erfahren&#8220; css=&#8220;&#8220; link=&#8220;url:https%3A%2F%2Fwww.michalsky.com%2F|title:Michalsky%20Berlin|target:_blank&#8220;][\/vc_column][\/vc_row]<\/p>\n<\/div>","protected":false},"excerpt":{"rendered":"<p>[vc_row full_width=&#8220;stretch_row&#8220; equal_height=&#8220;yes&#8220; content_placement=&#8220;middle&#8220; el_class=&#8220;brandhead&#8220;][vc_column offset=&#8220;vc_col-lg-4&#8243;][vc_single_image image=&#8220;518&#8243; img_size=&#8220;full&#8220; css=&#8220;&#8220;][\/vc_column][vc_column offset=&#8220;vc_col-lg-4&#8243;][vc_column_text css=&#8220;&#8220;] Stilbewusstsein und Kreativit\u00e4t MICHALSKY BERLIN Parfums vereinen urbanen Stil, zeitlose Eleganz und einzigartige D\u00fcfte zu einem Ausdruck individueller Pers\u00f6nlichkeit.[\/vc_column_text][\/vc_column][vc_column offset=&#8220;vc_col-lg-4&#8243;][vc_single_image image=&#8220;502&#8243; img_size=&#8220;full&#8220; alignment=&#8220;right&#8220; css=&#8220;&#8220;][\/vc_column][\/vc_row][vc_row full_width=&#8220;stretch_row&#8220; el_class=&#8220;sortiment&#8220; el_id=&#8220;produkte&#8220;][vc_column][vc_column_text css=&#8220;&#8220;] Sortiment [\/vc_column_text][\/vc_column][\/vc_row][vc_section full_width=&#8220;stretch_row&#8220; el_class=&#8220;products&#8220;][vc_row el_class=&#8220;produkte&#8220;][vc_column][vc_column_text css=&#8220;&#8220;][\/vc_column_text][\/vc_column][\/vc_row][\/vc_section][vc_row full_width=&#8220;stretch_row&#8220; el_class=&#8220;brandtext&#8220; el_id=&#8220;about&#8220;][vc_column][vc_column_text css=&#8220;&#8220;] D\u00fcfte f\u00fcr Sie und Ihn von [&hellip;]<\/p>\n","protected":false},"author":1,"featured_media":0,"parent":0,"menu_order":2,"comment_status":"closed","ping_status":"closed","template":"","meta":{"inline_featured_image":false,"footnotes":""},"class_list":["post-11","page","type-page","status-publish","hentry"],"_links":{"self":[{"href":"https:\/\/lifestyle-distribution.com\/michalskyberlin\/wp-json\/wp\/v2\/pages\/11","targetHints":{"allow":["GET"]}}],"collection":[{"href":"https:\/\/lifestyle-distribution.com\/michalskyberlin\/wp-json\/wp\/v2\/pages"}],"about":[{"href":"https:\/\/lifestyle-distribution.com\/michalskyberlin\/wp-json\/wp\/v2\/types\/page"}],"author":[{"embeddable":true,"href":"https:\/\/lifestyle-distribution.com\/michalskyberlin\/wp-json\/wp\/v2\/users\/1"}],"replies":[{"embeddable":true,"href":"https:\/\/lifestyle-distribution.com\/michalskyberlin\/wp-json\/wp\/v2\/comments?post=11"}],"version-history":[{"count":39,"href":"https:\/\/lifestyle-distribution.com\/michalskyberlin\/wp-json\/wp\/v2\/pages\/11\/revisions"}],"predecessor-version":[{"id":659,"href":"https:\/\/lifestyle-distribution.com\/michalskyberlin\/wp-json\/wp\/v2\/pages\/11\/revisions\/659"}],"wp:attachment":[{"href":"https:\/\/lifestyle-distribution.com\/michalskyberlin\/wp-json\/wp\/v2\/media?parent=11"}],"curies":[{"name":"wp","href":"https:\/\/api.w.org\/{rel}","templated":true}]}}