{"id":313,"date":"2025-02-28T09:22:27","date_gmt":"2025-02-28T08:22:27","guid":{"rendered":"https:\/\/lifestyledistribution.cloud12.webhome.at\/michalskyberlin\/?page_id=313"},"modified":"2025-03-28T13:32:42","modified_gmt":"2025-03-28T12:32:42","slug":"ii-women","status":"publish","type":"page","link":"https:\/\/lifestyle-distribution.com\/michalskyberlin\/ii-women\/","title":{"rendered":"II Women"},"content":{"rendered":"<div class=\"wpb-content-wrapper\"><p>[vc_section full_width=&#8220;stretch_row_content&#8220; el_class=&#8220;produkthead&#8220;][vc_row el_class=&#8220;produktinhalt&#8220;][vc_column offset=&#8220;vc_col-lg-6&#8243;][vc_single_image image=&#8220;578&#8243; img_size=&#8220;full&#8220; css=&#8220;&#8220;][\/vc_column][vc_column el_class=&#8220;ptext&#8220; offset=&#8220;vc_col-lg-6&#8243;][vc_column_text css=&#8220;&#8220;]<\/p>\n<h1>II Women<\/h1>\n<p>Eine Ode an die Weiblichkeit &#8211; das Parfum von MICHALSKY BERLIN stellt die zarte Seite der Frau in den Vordergrund. MICHALSKY BERLIN II for Women vereint den sanften Duft lieblicher Bl\u00fcten mit verf\u00fchrerischen Fruchtnoten und rundet diese feminine Komposition mit bet\u00f6rendem Moschus ab. Ein Eau de Parfum, das seine Tr\u00e4gerin in einen zart-sinnlichen Duftnebel taucht und ihre Weiblichkeit strahlen l\u00e4sst.[\/vc_column_text][vc_row_inner el_class=&#8220;produktbeschreibung&#8220;][vc_column_inner width=&#8220;1\/3&#8243;][vc_column_text css=&#8220;&#8220;]<strong>Kopfnote<\/strong><br \/>\nPfirsich<br \/>\nBergamotte<br \/>\nPinker Pfeffer[\/vc_column_text][\/vc_column_inner][vc_column_inner width=&#8220;1\/3&#8243;][vc_column_text css=&#8220;&#8220;]<strong>Herznote<\/strong><br \/>\nIris<br \/>\nJasmin<br \/>\nTuberose[\/vc_column_text][\/vc_column_inner][vc_column_inner width=&#8220;1\/3&#8243;][vc_column_text css=&#8220;&#8220;]<strong>Basisnote<\/strong><br \/>\nVanille<br \/>\nPatschuli<br \/>\nTonkabohne[\/vc_column_text][\/vc_column_inner][vc_column_inner][vc_column_text css=&#8220;&#8220; el_class=&#8220;noten&#8220;]<\/p>\n<ul>\n<li>Eine blumig-orientalische Komposition<\/li>\n<li>F\u00fcr selbstbewusste Frauen voller femininer Eleganz<\/li>\n<li>Entf\u00fchrt seine Tr\u00e4gerin in eine Welt voller Sinnlichkeit<\/li>\n<\/ul>\n<p>[\/vc_column_text][\/vc_column_inner][\/vc_row_inner][\/vc_column][\/vc_row][\/vc_section][vc_row full_width=&#8220;stretch_row_content_no_spaces&#8220; el_class=&#8220;partnerrow&#8220;][vc_column][vc_column_text css=&#8220;&#8220;]    <div class=\"partner\">\r\n    <div class=\"partner-container\">\r\n        <h2>Handelspartner<\/h2>\r\n    \r\n        <!-- Store-Finder Button -->\r\n        <button class=\"toggle-filter\" id=\"storefinder-toggle\">Store-Finder<\/button>\r\n\r\n        <!-- L\u00e4nderauswahl -->\r\n        <div id=\"storefinder-options\" class=\"filter-section\" style=\"display:none;\">\r\n            <ul class=\"filter-list\">\r\n                <li class=\"country-option\" data-filter=\"*\">alle anzeigen<\/li>\r\n                                    <li class=\"country-option\" data-filter=\".deutschland\">\r\n                        Deutschland                    <\/li>\r\n                                    <li class=\"country-option\" data-filter=\".tschechien\">\r\n                        Tschechien                    <\/li>\r\n                            <\/ul>\r\n        <\/div>\r\n\r\n        <div class=\"isotope-grid\">\r\n                                <img decoding=\"async\" src=\"\/michalskyberlin\/wp-content\/uploads\/2025\/03\/parfumdreams.webp\" \r\n                        alt=\"Parfumdreams\" \r\n                        class=\"partner-logo deutschland tschechien lparfumdreams\">\r\n                                    <img decoding=\"async\" src=\"\/michalskyberlin\/wp-content\/uploads\/2025\/03\/rossmann.webp\" \r\n                        alt=\"Rossmann\" \r\n                        class=\"partner-logo tschechien lrossmann\">\r\n                                    <img decoding=\"async\" src=\"\/michalskyberlin\/wp-content\/uploads\/2025\/03\/teta.webp\" \r\n                        alt=\"Teta\" \r\n                        class=\"partner-logo tschechien lteta\">\r\n                        <\/div>\r\n    <\/div>\r\n    <\/div>\r\n    <script>\r\n        document.addEventListener(\"DOMContentLoaded\", function () {\r\n            const storeFinderBtn = document.getElementById(\"storefinder-toggle\");\r\n            const storeFinderOptions = document.getElementById(\"storefinder-options\");\r\n            const countryOptions = document.querySelectorAll(\".country-option\");\r\n            const grid = document.querySelector(\".isotope-grid\");\r\n  \/\/ Setze Opacity auf 0, damit die Logos nicht vor der Berechnung erscheinen\r\n  grid.style.opacity = \"0\";\r\n            imagesLoaded(grid, function () {\r\n                const iso = new Isotope(grid, {\r\n                    itemSelector: \".partner-logo\",\r\n                    layoutMode: \"masonry\",\r\n                    masonry: {\r\n                        columnWidth: \".partner-logo\",\r\n                        gutter: 10 \/\/ Abstand zwischen den Logos\r\n                    }\r\n                    });\r\n                    function getVisibleItems() {\r\n            return Array.from(grid.children).filter(item => window.getComputedStyle(item).display !== \"none\");\r\n        }\r\n\r\n        function centerIsotopeGrid() {\r\n            let visibleItems = getVisibleItems();\r\n            let containerWidth = grid.offsetWidth;\r\n            let itemsWidth = visibleItems.reduce((total, item) => total + item.offsetWidth, 0);\r\n\r\n            if (visibleItems.length === 1) {\r\n                let item = visibleItems[0];\r\n                item.style.position = \"absolute\";\r\n                item.style.left = \"50%\";\r\n                item.style.transform = \"translateX(-50%)\";\r\n                grid.style.display = \"block\";\r\n                grid.style.marginLeft = \"0px\";\r\n            } else if (visibleItems.length > 1) {\r\n                grid.style.display = \"block\";\r\n                grid.style.marginLeft = \"auto\";\r\n                visibleItems.forEach(item => {\r\n                    item.style.position = \"\";\r\n                    item.style.left = \"\";\r\n                    item.style.transform = \"\";\r\n                });\r\n            } else {\r\n                grid.style.display = \"none\";\r\n            }\r\n\r\n            \/\/ Nach Berechnung das Grid einblenden\r\n            setTimeout(() => {\r\n                grid.style.opacity = \"1\";\r\n            }, 5); \/\/ Kurze Verz\u00f6gerung f\u00fcr sanftes Einblenden\r\n        }\r\n\r\n        centerIsotopeGrid();\r\n\r\n        \/\/ Zentrierung nach jedem Filter-Update neu berechnen\r\n        iso.on(\"arrangeComplete\", function () {\r\n            centerIsotopeGrid();\r\n        });\r\n\r\n        window.addEventListener(\"resize\", centerIsotopeGrid);\r\n \r\n                storeFinderBtn.addEventListener(\"click\", function () {\r\n                storeFinderOptions.style.display = storeFinderOptions.style.display === \"none\" ? \"block\" : \"none\";\r\n    \r\n                 \/\/ Toggle der \"active\"-Klasse\r\n                this.classList.toggle(\"active\");\r\n                });\r\n\r\n                countryOptions.forEach(option => {\r\n                    option.addEventListener(\"click\", function () {\r\n        const filterValue = this.getAttribute(\"data-filter\");\r\n\r\n        \/\/ Isotope-Filter anwenden\r\n        iso.arrange({ filter: filterValue });\r\n\r\n        \/\/ Alle \"countryOptions\" von der \"active\"-Klasse befreien\r\n        countryOptions.forEach(opt => opt.classList.remove(\"active\"));\r\n\r\n        \/\/ \"active\"-Klasse zum aktuellen Element hinzuf\u00fcgen\r\n        this.classList.add(\"active\");\r\n\r\n        \/\/ Store-Finder-Optionen ausblenden\r\n        storeFinderOptions.style.display = \"none\";\r\n        storeFinderBtn.classList.remove(\"active\");\r\n    });\r\n                });\r\n            });\r\n        });\r\n    <\/script>\r\n\r\n    <script src=\"https:\/\/unpkg.com\/isotope-layout@3\/dist\/isotope.pkgd.min.js\"><\/script>\r\n    <script src=\"https:\/\/unpkg.com\/imagesloaded@4\/imagesloaded.pkgd.min.js\"><\/script>\r\n\r\n[\/vc_column_text][\/vc_column][\/vc_row][vc_row full_width=&#8220;stretch_row_content_no_spaces&#8220; css=&#8220;.vc_custom_1741012261028{background-image: url(https:\/\/lifestyledistribution.cloud12.webhome.at\/michalskyberlin\/wp-content\/uploads\/2025\/03\/MICHALSKY-0342.jpg?id=498) !important;background-position: center !important;background-repeat: no-repeat !important;background-size: cover !important;}&#8220; el_class=&#8220;vollbild&#8220;][vc_column][\/vc_column][\/vc_row][vc_row full_width=&#8220;stretch_row_content_no_spaces&#8220; el_class=&#8220;mehrbutton&#8220;][vc_column][vc_column_text css=&#8220;&#8220;]<!-- Weitere Produkte -->\r\n<div class=\"mehr\">\r\n    <div class=\"related-products\">\r\n        <h2>Mehr von Michalsky Berlin<\/h2>\r\n        <div class=\"related-products-grid\">\r\n                           <div class=\"related-product\">\r\n                    <a href=\"https:\/\/lifestyle-distribution.com\/michalskyberlin\/intense-women\/\">\r\n                        <img loading=\"lazy\" decoding=\"async\" width=\"2000\" height=\"2000\" src=\"https:\/\/lifestyle-distribution.com\/michalskyberlin\/wp-content\/uploads\/2025\/03\/WebMarkant_MM_Intense_FlakonFS_2025-03-26.webp\" class=\"attachment-full size-full wp-post-image\" alt=\"MICHALSKY BERLIN Parfums Intense Women Eau de Parfum\" srcset=\"https:\/\/lifestyle-distribution.com\/michalskyberlin\/wp-content\/uploads\/2025\/03\/WebMarkant_MM_Intense_FlakonFS_2025-03-26.webp 2000w, https:\/\/lifestyle-distribution.com\/michalskyberlin\/wp-content\/uploads\/2025\/03\/WebMarkant_MM_Intense_FlakonFS_2025-03-26-300x300.webp 300w, https:\/\/lifestyle-distribution.com\/michalskyberlin\/wp-content\/uploads\/2025\/03\/WebMarkant_MM_Intense_FlakonFS_2025-03-26-1024x1024.webp 1024w, https:\/\/lifestyle-distribution.com\/michalskyberlin\/wp-content\/uploads\/2025\/03\/WebMarkant_MM_Intense_FlakonFS_2025-03-26-150x150.webp 150w, https:\/\/lifestyle-distribution.com\/michalskyberlin\/wp-content\/uploads\/2025\/03\/WebMarkant_MM_Intense_FlakonFS_2025-03-26-768x768.webp 768w, https:\/\/lifestyle-distribution.com\/michalskyberlin\/wp-content\/uploads\/2025\/03\/WebMarkant_MM_Intense_FlakonFS_2025-03-26-1536x1536.webp 1536w\" sizes=\"auto, (max-width: 2000px) 100vw, 2000px\" \/>                    <\/a>\r\n                    <a href=\"https:\/\/lifestyle-distribution.com\/michalskyberlin\/intense-women\/\" class=\"product-link\">zum Produkt<\/a>\r\n                <\/div>\r\n                           <div class=\"related-product\">\r\n                    <a href=\"https:\/\/lifestyle-distribution.com\/michalskyberlin\/sea-men\/\">\r\n                        <img loading=\"lazy\" decoding=\"async\" width=\"2000\" height=\"2000\" src=\"https:\/\/lifestyle-distribution.com\/michalskyberlin\/wp-content\/uploads\/2026\/02\/Freisteller_MM_Summer26_SEA_Man_Collage_2025-10-28_9120130826781.png\" class=\"attachment-full size-full wp-post-image\" alt=\"MICHALSKY BERLIN Parfums Sea Men\" srcset=\"https:\/\/lifestyle-distribution.com\/michalskyberlin\/wp-content\/uploads\/2026\/02\/Freisteller_MM_Summer26_SEA_Man_Collage_2025-10-28_9120130826781.png 2000w, https:\/\/lifestyle-distribution.com\/michalskyberlin\/wp-content\/uploads\/2026\/02\/Freisteller_MM_Summer26_SEA_Man_Collage_2025-10-28_9120130826781-300x300.png 300w, https:\/\/lifestyle-distribution.com\/michalskyberlin\/wp-content\/uploads\/2026\/02\/Freisteller_MM_Summer26_SEA_Man_Collage_2025-10-28_9120130826781-1024x1024.png 1024w, https:\/\/lifestyle-distribution.com\/michalskyberlin\/wp-content\/uploads\/2026\/02\/Freisteller_MM_Summer26_SEA_Man_Collage_2025-10-28_9120130826781-150x150.png 150w, https:\/\/lifestyle-distribution.com\/michalskyberlin\/wp-content\/uploads\/2026\/02\/Freisteller_MM_Summer26_SEA_Man_Collage_2025-10-28_9120130826781-768x768.png 768w, https:\/\/lifestyle-distribution.com\/michalskyberlin\/wp-content\/uploads\/2026\/02\/Freisteller_MM_Summer26_SEA_Man_Collage_2025-10-28_9120130826781-1536x1536.png 1536w\" sizes=\"auto, (max-width: 2000px) 100vw, 2000px\" \/>                    <\/a>\r\n                    <a href=\"https:\/\/lifestyle-distribution.com\/michalskyberlin\/sea-men\/\" class=\"product-link\">zum Produkt<\/a>\r\n                <\/div>\r\n                           <div class=\"related-product\">\r\n                    <a href=\"https:\/\/lifestyle-distribution.com\/michalskyberlin\/sea-women\/\">\r\n                        <img loading=\"lazy\" decoding=\"async\" width=\"2000\" height=\"2000\" src=\"https:\/\/lifestyle-distribution.com\/michalskyberlin\/wp-content\/uploads\/2026\/02\/Freisteller_MM_Summer26_SUN_Woman_Collage_2025-10-28_9120130826828.png\" class=\"attachment-full size-full wp-post-image\" alt=\"MICHALSKY BERLIN Parfums Sea Woman\" srcset=\"https:\/\/lifestyle-distribution.com\/michalskyberlin\/wp-content\/uploads\/2026\/02\/Freisteller_MM_Summer26_SUN_Woman_Collage_2025-10-28_9120130826828.png 2000w, https:\/\/lifestyle-distribution.com\/michalskyberlin\/wp-content\/uploads\/2026\/02\/Freisteller_MM_Summer26_SUN_Woman_Collage_2025-10-28_9120130826828-300x300.png 300w, https:\/\/lifestyle-distribution.com\/michalskyberlin\/wp-content\/uploads\/2026\/02\/Freisteller_MM_Summer26_SUN_Woman_Collage_2025-10-28_9120130826828-1024x1024.png 1024w, https:\/\/lifestyle-distribution.com\/michalskyberlin\/wp-content\/uploads\/2026\/02\/Freisteller_MM_Summer26_SUN_Woman_Collage_2025-10-28_9120130826828-150x150.png 150w, https:\/\/lifestyle-distribution.com\/michalskyberlin\/wp-content\/uploads\/2026\/02\/Freisteller_MM_Summer26_SUN_Woman_Collage_2025-10-28_9120130826828-768x768.png 768w, https:\/\/lifestyle-distribution.com\/michalskyberlin\/wp-content\/uploads\/2026\/02\/Freisteller_MM_Summer26_SUN_Woman_Collage_2025-10-28_9120130826828-1536x1536.png 1536w\" sizes=\"auto, (max-width: 2000px) 100vw, 2000px\" \/>                    <\/a>\r\n                    <a href=\"https:\/\/lifestyle-distribution.com\/michalskyberlin\/sea-women\/\" class=\"product-link\">zum Produkt<\/a>\r\n                <\/div>\r\n                    <\/div>\r\n    <\/div>\r\n<\/div>\r\n    \r\n<style>\r\n  \r\n  \r\n<\/style>\r\n\r\n\r\n[\/vc_column_text][\/vc_column][\/vc_row]<\/p>\n<\/div>","protected":false},"excerpt":{"rendered":"<p>[vc_section full_width=&#8220;stretch_row_content&#8220; el_class=&#8220;produkthead&#8220;][vc_row el_class=&#8220;produktinhalt&#8220;][vc_column offset=&#8220;vc_col-lg-6&#8243;][vc_single_image image=&#8220;578&#8243; img_size=&#8220;full&#8220; css=&#8220;&#8220;][\/vc_column][vc_column el_class=&#8220;ptext&#8220; offset=&#8220;vc_col-lg-6&#8243;][vc_column_text css=&#8220;&#8220;] II Women Eine Ode an die Weiblichkeit &#8211; das Parfum von MICHALSKY BERLIN stellt die zarte Seite der Frau in den Vordergrund. MICHALSKY BERLIN II for Women vereint den sanften Duft lieblicher Bl\u00fcten mit verf\u00fchrerischen Fruchtnoten und rundet diese feminine Komposition mit bet\u00f6rendem Moschus [&hellip;]<\/p>\n","protected":false},"author":2,"featured_media":0,"parent":0,"menu_order":3,"comment_status":"closed","ping_status":"closed","template":"","meta":{"inline_featured_image":false,"footnotes":""},"class_list":["post-313","page","type-page","status-publish","hentry"],"_links":{"self":[{"href":"https:\/\/lifestyle-distribution.com\/michalskyberlin\/wp-json\/wp\/v2\/pages\/313","targetHints":{"allow":["GET"]}}],"collection":[{"href":"https:\/\/lifestyle-distribution.com\/michalskyberlin\/wp-json\/wp\/v2\/pages"}],"about":[{"href":"https:\/\/lifestyle-distribution.com\/michalskyberlin\/wp-json\/wp\/v2\/types\/page"}],"author":[{"embeddable":true,"href":"https:\/\/lifestyle-distribution.com\/michalskyberlin\/wp-json\/wp\/v2\/users\/2"}],"replies":[{"embeddable":true,"href":"https:\/\/lifestyle-distribution.com\/michalskyberlin\/wp-json\/wp\/v2\/comments?post=313"}],"version-history":[{"count":8,"href":"https:\/\/lifestyle-distribution.com\/michalskyberlin\/wp-json\/wp\/v2\/pages\/313\/revisions"}],"predecessor-version":[{"id":509,"href":"https:\/\/lifestyle-distribution.com\/michalskyberlin\/wp-json\/wp\/v2\/pages\/313\/revisions\/509"}],"wp:attachment":[{"href":"https:\/\/lifestyle-distribution.com\/michalskyberlin\/wp-json\/wp\/v2\/media?parent=313"}],"curies":[{"name":"wp","href":"https:\/\/api.w.org\/{rel}","templated":true}]}}